{"id":7106,"date":"2021-02-06T12:32:10","date_gmt":"2021-02-06T09:32:10","guid":{"rendered":"https:\/\/www.visiott.com\/?page_id=7106"},"modified":"2025-12-31T09:28:21","modified_gmt":"2025-12-31T06:28:21","slug":"goruntu-denetleme-sistemleri","status":"publish","type":"page","link":"https:\/\/www.visiott.com\/tr\/urunler\/goruntu-isleme-teknolojileri\/","title":{"rendered":"G\u00f6r\u00fcnt\u00fc \u0130\u015fleme Teknolojileri"},"content":{"rendered":"<div class=\"row\"  id=\"row-1093165825\">\n\n\t<div id=\"col-1628445744\" class=\"col small-12 large-12\"  >\n\t\t\t\t<div class=\"col-inner\"  >\n\t\t\t\n\t\t\t\n<h1>G\u00f6r\u00fcnt\u00fc \u0130\u015fleme Teknolojileri<\/h1>\n<p>VISIOTT TPS\u2019in kulland\u0131\u011f\u0131 ileri teknoloji ve yenilik\u00e7i yaz\u0131l\u0131m yap\u0131s\u0131, VISIOTT TPS\u2019in g\u00f6r\u00fcnt\u00fc i\u015fleme teknolojilerinde fark yaratan bir noktaya gelmesini sa\u011flayarak onu tercih edenleri, memnun etmeyi her zaman ba\u015farm\u0131\u015ft\u0131r. <a href=\"\/tr\/cozumlerimiz\/ilac-izlenebilirlik-cozumleri\/\">\u0130la\u00e7<\/a>, <a href=\"\/tr\/cozumlerimiz\/gida-izlenebilirligi-cozumleri\/\">g\u0131da<\/a>, <a href=\"\/tr\/cozumlerimiz\/tibbi-cihaz-takip-sistemi-cozumleri\/\">t\u0131bbi cihaz<\/a>, <a href=\"\/tr\/cozumlerimiz\/kozmetik-urunleri-izlenebilirlik-cozumleri\/\">kozmetik<\/a>, <a href=\"\/tr\/cozumlerimiz\/bitki-koruma-urunleri-izlenebilirlik-cozumleri\/\">bitki koruma \u00fcr\u00fcnleri<\/a> ve <a href=\"\/tr\/cozumlerimiz\/ticari-patlayici-izlenebilirlik-cozumleri\/\">ticari patlay\u0131c\u0131<\/a> end\u00fcstrilerinde ba\u015far\u0131yla kullan\u0131lan VISIOTT TPS g\u00f6r\u00fcnt\u00fc i\u015fleme teknolojileri, farkl\u0131 end\u00fcstrilerin proseslerinde de ihtiyaca y\u00f6nelik \u00e7\u00f6z\u00fcmler sunuyor.<\/p>\n<p>Ambalaj\u0131n kozmetik yap\u0131s\u0131, okunabilir metinlerin do\u011frulu\u011fu ve \u00fcr\u00fcn taml\u0131\u011f\u0131n\u0131n garantisi gibi kontrole ba\u011fl\u0131 i\u015flemlerin s\u0131radan teknolojiler taraf\u0131ndan h\u0131zl\u0131 yap\u0131lmas\u0131 imkans\u0131zken VISIOTT TPS y\u00fcksek teknolojisiyle ihtiya\u00e7lar\u0131 fazlas\u0131yla gideriyor. OCR\/OCV, farmakod \u00e7\u00f6z\u00fcmleme ve do\u011frulama, toplu kod okuma ve analiz ya da var\/yok kontrolleri\u2026 Siz hangisini arzu ederdiniz?<\/p>\n<blockquote>\n<p><span style=\"font-weight: bold;\"><em>VISIOTT TPS | Standartlar\u0131 sa\u011flarken kalitede fark yarat\u0131r!<\/em><\/span><\/p>\n<\/blockquote>\n\t\t<\/div>\n\t\t\t\t\t<\/div>\n\n\t\n<\/div>\n\n\t<section class=\"section\" id=\"section_1805091546\">\n\t\t<div class=\"section-bg fill\" >\n\t\t\t\t\t\t\t\t\t\n\t\t\t\n\n\t\t<\/div>\n\n\t\t\n\n\t\t<div class=\"section-content relative\">\n\t\t\t\n<div class=\"row\"  id=\"row-1282153544\">\n\n\t<div id=\"col-2133249545\" class=\"col small-12 large-12\"  >\n\t\t\t\t<div class=\"col-inner\"  >\n\t\t\t\n\t\t\t\n<h2><a href=\"\/tr\/urunler\/goruntu-isleme-teknolojileri\/ilac-endustrisi-icin-goruntu-isleme-tabanli-kalite-kontrol-modulu-vis-100\/\">\u0130la\u00e7 End\u00fcstrisi \u0130\u00e7in G\u00f6r\u00fcnt\u00fc \u0130\u015fleme Tabanl\u0131 Kalite Kontrol Mod\u00fcl\u00fc<\/a><\/h2>\n\t\t<\/div>\n\t\t\t\t\t<\/div>\n\n\t\n\n<style>\n#row-1282153544 > .col > .col-inner {\n  padding: 20px 0px 0px 0px;\n}\n<\/style>\n<\/div>\n<div class=\"row\"  id=\"row-1403470301\">\n\n\t<div id=\"col-559861096\" class=\"col small-12 large-12\"  >\n\t\t\t\t<div class=\"col-inner\"  >\n\t\t\t\n\t\t\t\n<div class=\"row\"  id=\"row-883385179\">\n\n\t<div id=\"col-1483161817\" class=\"col medium-12 small-12 large-6\"  >\n\t\t\t\t<div class=\"col-inner\"  >\n\t\t\t\n\t\t\t\n<div class=\"row\"  id=\"row-293785094\">\n\n\t<div id=\"col-1348247488\" class=\"col small-12 large-12\"  >\n\t\t\t\t<div class=\"col-inner\"  >\n\t\t\t\n\t\t\t\n<p>\u0130la\u00e7 \u00fcretiminde yap\u0131labilecek basit hatalar toplum sa\u011fl\u0131\u011f\u0131n\u0131 derinden etkileyecek problemler yaratabilir. Bu nedenle ila\u00e7lar\u0131n \u00fcretilmesinden da\u011f\u0131t\u0131m\u0131na kadar bir\u00e7ok s\u00fcre\u00e7 kalite kontrol i\u015flemleri ile takip edilmelidir. \u0130la\u00e7 end\u00fcstrisinde kalite kontrol; ilac\u0131n \u00fcretimden hastaya ula\u015fana kadar ge\u00e7en t\u00fcm s\u00fcre\u00e7lerin prosed\u00fcrlere uygunlu\u011funu garanti alt\u0131na almaktad\u0131r. G\u00f6r\u00fcnt\u00fc i\u015fleme tabanl\u0131 kalite kontrol sistemleri, ila\u00e7 end\u00fcstrisinde \u00fcretimden paketlemeye kadar bir\u00e7ok s\u00fcrecin do\u011frulu\u011funu otomatik olarak denetleyen sistemlerdir. Ayr\u0131ca bu sistemler ile yap\u0131lan de\u011ferlendirmeler \u00fcretim s\u00fcre\u00e7lerinin etkinli\u011finin ve toplam kalitenin puanlanmas\u0131n\u0131 sa\u011flamaktad\u0131r.<\/p>\n\t\t<\/div>\n\t\t\t\t\t<\/div>\n\n\t\n\n\t<div id=\"col-1469471905\" class=\"col small-12 large-12\"  >\n\t\t\t\t<div class=\"col-inner\"  >\n\t\t\t\n\t\t\t\n<a href=\"\/tr\/urunler\/goruntu-isleme-teknolojileri\/ilac-endustrisi-icin-goruntu-isleme-tabanli-kalite-kontrol-modulu-vis-100\/\" class=\"button primary\" style=\"border-radius:10px;\">\n\t\t<span>DAHA FAZLA B\u0130LG\u0130<\/span>\n\t<\/a>\n\n\t\t<\/div>\n\t\t\t\t\t<\/div>\n\n\t\n<\/div>\n\t\t<\/div>\n\t\t\t\t\t<\/div>\n\n\t\n\n\t<div id=\"col-664495986\" class=\"col medium-12 small-12 large-6 small-col-first\"  >\n\t\t\t\t<div class=\"col-inner\"  >\n\t\t\t\n\t\t\t\n\t<div class=\"img has-hover x md-x lg-x y md-y lg-y\" id=\"image_1047757397\">\n\t\t<a class=\"\" href=\"\/tr\/urunler\/goruntu-isleme-teknolojileri\/ilac-endustrisi-icin-goruntu-isleme-tabanli-kalite-kontrol-modulu-vis-100\/\" >\t\t\t\t\t\t<div class=\"img-inner dark\" >\n\t\t\t<img loading=\"lazy\" decoding=\"async\" width=\"2268\" height=\"1391\" src=\"https:\/\/www.visiott.com\/wp-content\/uploads\/2025\/12\/visionpANO.477-1-1.png\" class=\"attachment-original size-original\" alt=\"v\u0131s\u0131onpANO.477 (1) (1)\" srcset=\"https:\/\/www.visiott.com\/wp-content\/uploads\/2025\/12\/visionpANO.477-1-1.png 2268w, https:\/\/www.visiott.com\/wp-content\/uploads\/2025\/12\/visionpANO.477-1-1-300x184.png 300w, https:\/\/www.visiott.com\/wp-content\/uploads\/2025\/12\/visionpANO.477-1-1-1024x628.png 1024w, https:\/\/www.visiott.com\/wp-content\/uploads\/2025\/12\/visionpANO.477-1-1-768x471.png 768w, https:\/\/www.visiott.com\/wp-content\/uploads\/2025\/12\/visionpANO.477-1-1-1536x942.png 1536w, https:\/\/www.visiott.com\/wp-content\/uploads\/2025\/12\/visionpANO.477-1-1-2048x1256.png 2048w\" sizes=\"auto, (max-width: 2268px) 100vw, 2268px\" title=\"v\u0131s\u0131onpANO.477 (1) (1)\" \/>\t\t\t\t\t\t\n\t\t\t\t\t<\/div>\n\t\t\t\t\t\t<\/a>\t\t\n<style>\n#image_1047757397 {\n  width: 100%;\n}\n<\/style>\n\t<\/div>\n\t\n\t\t<\/div>\n\t\t\t\t\n<style>\n#col-664495986 > .col-inner {\n  margin: 0px 0px 0 0px;\n}\n@media (min-width:550px) {\n  #col-664495986 > .col-inner {\n    margin: 0px 0px -20px 0px;\n  }\n}\n<\/style>\n\t<\/div>\n\n\t\n<\/div>\n\t\t<\/div>\n\t\t\t\t\n<style>\n#col-559861096 > .col-inner {\n  margin: 0px 0px -60px 0px;\n}\n<\/style>\n\t<\/div>\n\n\t\n\n<style>\n#row-1403470301 > .col > .col-inner {\n  padding: 0px 0px 50px 0px;\n}\n<\/style>\n<\/div>\n\t\t<\/div>\n\n\t\t\n<style>\n#section_1805091546 {\n  padding-top: 0px;\n  padding-bottom: 0px;\n  background-color: rgb(245, 245, 245);\n}\n<\/style>\n\t<\/section>\n\t\n\n\t<section class=\"section\" id=\"section_546383565\">\n\t\t<div class=\"section-bg fill\" >\n\t\t\t\t\t\t\t\t\t\n\t\t\t\n\n\t\t<\/div>\n\n\t\t\n\n\t\t<div class=\"section-content relative\">\n\t\t\t\n<div class=\"row\"  id=\"row-985191511\">\n\n\t<div id=\"col-1866273025\" class=\"col small-12 large-12\"  >\n\t\t\t\t<div class=\"col-inner\"  >\n\t\t\t\n\t\t\t\n<h2><a href=\"\/tr\/urunler\/goruntu-isleme-teknolojileri\/izlenebilirlik-teknolojilerinde-ocr-ocv\/\">OCR\/OCV G\u00f6r\u00fcnt\u00fc \u0130\u015fleme Teknolojileri<\/a><\/h2>\n\t\t<\/div>\n\t\t\t\t\t<\/div>\n\n\t\n\n<style>\n#row-985191511 > .col > .col-inner {\n  padding: 20px 0px 0px 0px;\n}\n<\/style>\n<\/div>\n<div class=\"row\"  id=\"row-908833703\">\n\n\t<div id=\"col-536634744\" class=\"col small-12 large-12\"  >\n\t\t\t\t<div class=\"col-inner\"  >\n\t\t\t\n\t\t\t\n<div class=\"row\"  id=\"row-2050249501\">\n\n\t<div id=\"col-1101335918\" class=\"col medium-12 small-12 large-6\"  >\n\t\t\t\t<div class=\"col-inner\"  >\n\t\t\t\n\t\t\t\n<div class=\"row\"  id=\"row-1497267714\">\n\n\t<div id=\"col-1120585495\" class=\"col small-12 large-12\"  >\n\t\t\t\t<div class=\"col-inner\"  >\n\t\t\t\n\t\t\t\n<p>\u0130zlenebilirlik sistemlerinde \u00fcr\u00fcn \u00fczerine yazd\u0131r\u0131lan bilgilerin OCR (Optical Character Recognition) ile tan\u0131mlanmas\u0131 ve OCV (Optical Character Verification) ile do\u011frulanmas\u0131 izlenebilir tedarik zinciri i\u00e7in olduk\u00e7a \u00f6nemlidir. \u00dcr\u00fcn ambalaj\u0131 \u00fczerindeki eksik ya da yanl\u0131\u015f bilgi, marka g\u00fcvenli\u011fini sarsarak firmalar\u0131 maddi zararlara u\u011fratabilir. Bu olumsuzluklar\u0131n \u00f6n\u00fcne ge\u00e7ilebilmesi i\u00e7in VISIOTT TPS olarak, OCR\/OCV teknolojilerini sizlerle bulu\u015fturmaktay\u0131z.<\/p>\n\t\t<\/div>\n\t\t\t\t\t<\/div>\n\n\t\n\n\t<div id=\"col-1967293057\" class=\"col small-12 large-12\"  >\n\t\t\t\t<div class=\"col-inner\"  >\n\t\t\t\n\t\t\t\n<a href=\"\/tr\/urunler\/goruntu-isleme-teknolojileri\/izlenebilirlik-teknolojilerinde-ocr-ocv\/\" class=\"button primary\" style=\"border-radius:10px;\">\n\t\t<span>DAHA FAZLA B\u0130LG\u0130<\/span>\n\t<\/a>\n\n\t\t<\/div>\n\t\t\t\t\t<\/div>\n\n\t\n<\/div>\n\t\t<\/div>\n\t\t\t\t\t<\/div>\n\n\t\n\n\t<div id=\"col-463265573\" class=\"col medium-12 small-12 large-6 small-col-first\"  >\n\t\t\t\t<div class=\"col-inner\"  >\n\t\t\t\n\t\t\t\n\t<div class=\"img has-hover x md-x lg-x y md-y lg-y\" id=\"image_1703031324\">\n\t\t<a class=\"\" href=\"\/tr\/urunler\/goruntu-isleme-teknolojileri\/izlenebilirlik-teknolojilerinde-ocr-ocv\/\" >\t\t\t\t\t\t<div class=\"img-inner dark\" >\n\t\t\t<img loading=\"lazy\" decoding=\"async\" width=\"1500\" height=\"1000\" src=\"https:\/\/www.visiott.com\/wp-content\/uploads\/2023\/06\/OCR-OCV-1.jpg\" class=\"attachment-original size-original\" alt=\"OCR-OCV\" srcset=\"https:\/\/www.visiott.com\/wp-content\/uploads\/2023\/06\/OCR-OCV-1.jpg 1500w, https:\/\/www.visiott.com\/wp-content\/uploads\/2023\/06\/OCR-OCV-1-300x200.jpg 300w, https:\/\/www.visiott.com\/wp-content\/uploads\/2023\/06\/OCR-OCV-1-1024x683.jpg 1024w, https:\/\/www.visiott.com\/wp-content\/uploads\/2023\/06\/OCR-OCV-1-768x512.jpg 768w\" sizes=\"auto, (max-width: 1500px) 100vw, 1500px\" title=\"OCR-OCV\" \/>\t\t\t\t\t\t\n\t\t\t\t\t<\/div>\n\t\t\t\t\t\t<\/a>\t\t\n<style>\n#image_1703031324 {\n  width: 100%;\n}\n<\/style>\n\t<\/div>\n\t\n\t\t<\/div>\n\t\t\t\t\n<style>\n#col-463265573 > .col-inner {\n  margin: 0px 0px 0 0px;\n}\n@media (min-width:550px) {\n  #col-463265573 > .col-inner {\n    margin: 0px 0px -20px 0px;\n  }\n}\n<\/style>\n\t<\/div>\n\n\t\n<\/div>\n\t\t<\/div>\n\t\t\t\t\n<style>\n#col-536634744 > .col-inner {\n  margin: 0px 0px -60px 0px;\n}\n<\/style>\n\t<\/div>\n\n\t\n\n<style>\n#row-908833703 > .col > .col-inner {\n  padding: 0px 0px 50px 0px;\n}\n<\/style>\n<\/div>\n\t\t<\/div>\n\n\t\t\n<style>\n#section_546383565 {\n  padding-top: 0px;\n  padding-bottom: 0px;\n}\n<\/style>\n\t<\/section>\n\t\n\n\t<section class=\"section\" id=\"section_1457311718\">\n\t\t<div class=\"section-bg fill\" >\n\t\t\t\t\t\t\t\t\t\n\t\t\t\n\n\t\t<\/div>\n\n\t\t\n\n\t\t<div class=\"section-content relative\">\n\t\t\t\n<div class=\"row\"  id=\"row-1052338711\">\n\n\t<div id=\"col-1740421297\" class=\"col small-12 large-12\"  >\n\t\t\t\t<div class=\"col-inner\"  >\n\t\t\t\n\t\t\t\n<h2><a href=\"\/tr\/urunler\/goruntu-isleme-teknolojileri\/farmakod-cozumleme-ve-dogrulama\/\">Farmakod \u00c7\u00f6z\u00fcmleme ve Do\u011frulama<\/a><\/h2>\n\t\t<\/div>\n\t\t\t\t\t<\/div>\n\n\t\n\n<style>\n#row-1052338711 > .col > .col-inner {\n  padding: 20px 0px 0px 0px;\n}\n<\/style>\n<\/div>\n<div class=\"row\"  id=\"row-823201252\">\n\n\t<div id=\"col-1782479342\" class=\"col small-12 large-12\"  >\n\t\t\t\t<div class=\"col-inner\"  >\n\t\t\t\n\t\t\t\n<div class=\"row\"  id=\"row-1957462860\">\n\n\t<div id=\"col-985181480\" class=\"col medium-12 small-12 large-6\"  >\n\t\t\t\t<div class=\"col-inner\"  >\n\t\t\t\n\t\t\t\n<div class=\"row\"  id=\"row-34061193\">\n\n\t<div id=\"col-1377980706\" class=\"col small-12 large-12\"  >\n\t\t\t\t<div class=\"col-inner\"  >\n\t\t\t\n\t\t\t\n<p>\u00dcr\u00fcn ambalajlar\u0131nda yap\u0131labilecek hata ya da kar\u0131\u015f\u0131kl\u0131klar t\u00fcketici sa\u011fl\u0131\u011f\u0131na zarar verebilece\u011fi gibi firma itibar\u0131n\u0131 da sarsabilir. Farmakod \u00e7\u00f6z\u00fcmleme ve do\u011frulama i\u015flemi, ambalajda yap\u0131labilecek hata ya da kar\u0131\u015f\u0131kl\u0131klar\u0131n \u00f6n\u00fcne ge\u00e7ebilmek i\u00e7in ger\u00e7ekle\u015ftirilir. Farmakod \u00e7\u00f6z\u00fcmlemesi ile blister, prospekt\u00fcs, kutu ve etiketin do\u011frulu\u011fu kontrol edilebilmektedir. VISIOTT TPS, farmakod do\u011frulamas\u0131 yapan istasyonlar\u0131 ile \u00fcretiminize \u00e7\u00f6z\u00fcm sunmaktad\u0131r.<\/p>\n\t\t<\/div>\n\t\t\t\t\t<\/div>\n\n\t\n\n\t<div id=\"col-1098490280\" class=\"col small-12 large-12\"  >\n\t\t\t\t<div class=\"col-inner\"  >\n\t\t\t\n\t\t\t\n<a href=\"\/tr\/urunler\/goruntu-isleme-teknolojileri\/farmakod-cozumleme-ve-dogrulama\/\" class=\"button primary\" style=\"border-radius:10px;\">\n\t\t<span>DAHA FAZLA B\u0130LG\u0130<\/span>\n\t<\/a>\n\n\t\t<\/div>\n\t\t\t\t\t<\/div>\n\n\t\n<\/div>\n\t\t<\/div>\n\t\t\t\t\t<\/div>\n\n\t\n\n\t<div id=\"col-1584366706\" class=\"col medium-12 small-12 large-6 small-col-first\"  >\n\t\t\t\t<div class=\"col-inner\"  >\n\t\t\t\n\t\t\t\n\t<div class=\"img has-hover x md-x lg-x y md-y lg-y\" id=\"image_1043572819\">\n\t\t<a class=\"\" href=\"\/tr\/urunler\/goruntu-isleme-teknolojileri\/farmakod-cozumleme-ve-dogrulama\/\" >\t\t\t\t\t\t<div class=\"img-inner dark\" >\n\t\t\t<img loading=\"lazy\" decoding=\"async\" width=\"735\" height=\"426\" src=\"https:\/\/www.visiott.com\/wp-content\/uploads\/2021\/03\/Pharmacode_Banner.jpg\" class=\"attachment-original size-original\" alt=\"Farmakod \u00c7\u00f6z\u00fcmleme ve Do\u011frulama\" srcset=\"https:\/\/www.visiott.com\/wp-content\/uploads\/2021\/03\/Pharmacode_Banner.jpg 735w, https:\/\/www.visiott.com\/wp-content\/uploads\/2021\/03\/Pharmacode_Banner-300x174.jpg 300w\" sizes=\"auto, (max-width: 735px) 100vw, 735px\" title=\"Farmakod \u00c7\u00f6z\u00fcmleme ve Do\u011frulama\" \/>\t\t\t\t\t\t\n\t\t\t\t\t<\/div>\n\t\t\t\t\t\t<\/a>\t\t\n<style>\n#image_1043572819 {\n  width: 100%;\n}\n<\/style>\n\t<\/div>\n\t\n\t\t<\/div>\n\t\t\t\t\n<style>\n#col-1584366706 > .col-inner {\n  margin: 0px 0px 0 0px;\n}\n@media (min-width:550px) {\n  #col-1584366706 > .col-inner {\n    margin: 0px 0px -20px 0px;\n  }\n}\n<\/style>\n\t<\/div>\n\n\t\n<\/div>\n\t\t<\/div>\n\t\t\t\t\n<style>\n#col-1782479342 > .col-inner {\n  margin: 0px 0px -60px 0px;\n}\n<\/style>\n\t<\/div>\n\n\t\n\n<style>\n#row-823201252 > .col > .col-inner {\n  padding: 0px 0px 50px 0px;\n}\n<\/style>\n<\/div>\n\t\t<\/div>\n\n\t\t\n<style>\n#section_1457311718 {\n  padding-top: 0px;\n  padding-bottom: 0px;\n  background-color: rgb(245, 245, 245);\n}\n<\/style>\n\t<\/section>\n\t\n\n\t<section class=\"section\" id=\"section_204091019\">\n\t\t<div class=\"section-bg fill\" >\n\t\t\t\t\t\t\t\t\t\n\t\t\t\n\n\t\t<\/div>\n\n\t\t\n\n\t\t<div class=\"section-content relative\">\n\t\t\t\n<div class=\"row\"  id=\"row-519173405\">\n\n\t<div id=\"col-1711290682\" class=\"col small-12 large-12\"  >\n\t\t\t\t<div class=\"col-inner\"  >\n\t\t\t\n\t\t\t\n<h2><a href=\"\/tr\/urunler\/goruntu-isleme-teknolojileri\/toplu-kod-okuma-ve-cozumleme\/\">Toplu Kod Okuma ve Analiz<\/a><\/h2>\n\t\t<\/div>\n\t\t\t\t\t<\/div>\n\n\t\n\n<style>\n#row-519173405 > .col > .col-inner {\n  padding: 20px 0px 0px 0px;\n}\n<\/style>\n<\/div>\n<div class=\"row\"  id=\"row-1253459295\">\n\n\t<div id=\"col-829962290\" class=\"col small-12 large-12\"  >\n\t\t\t\t<div class=\"col-inner\"  >\n\t\t\t\n\t\t\t\n<div class=\"row\"  id=\"row-1240012565\">\n\n\t<div id=\"col-1788831525\" class=\"col medium-12 small-12 large-6\"  >\n\t\t\t\t<div class=\"col-inner\"  >\n\t\t\t\n\t\t\t\n<div class=\"row\"  id=\"row-1871600990\">\n\n\t<div id=\"col-1382430756\" class=\"col small-12 large-12\"  >\n\t\t\t\t<div class=\"col-inner\"  >\n\t\t\t\n\t\t\t\n<p>Agregasyon ve sevkiyat a\u015famalar\u0131n\u0131n kolay, k\u0131sa s\u00fcreli ger\u00e7ekle\u015fmesi i\u00e7in baz\u0131 \u00e7\u00f6z\u00fcmler bulunmaktad\u0131r. \u00c7e\u015fitli teknolojiler kullan\u0131larak ger\u00e7ekle\u015ftirilen toplu kod okuma ve \u00e7\u00f6z\u00fcmleme, geni\u015f g\u00f6r\u00fc\u015f alan\u0131 i\u00e7inde en k\u00fc\u00e7\u00fck kodlar\u0131n bile okunabildi\u011fi h\u0131zl\u0131 bir i\u015flemdir. Toplu kod okuma sayesinde zaman ve i\u015f g\u00fcc\u00fc kazanarak i\u015f y\u00f6netiminizdeki verimi art\u0131rabilirsiniz. VISIOTT TPS, OCR\/OCV teknolojisi kullanarak, y\u00fcksek \u00e7\u00f6z\u00fcn\u00fcrl\u00fckl\u00fc end\u00fcstriyel kameralar, \u00f6zel ayd\u0131nlatma sistemleri ile toplu kod okuma ve \u00e7\u00f6z\u00fcmleme i\u015flemleriniz i\u00e7in teknolojiler \u00fcretmektedir.<\/p>\n\t\t<\/div>\n\t\t\t\t\t<\/div>\n\n\t\n\n\t<div id=\"col-1668973887\" class=\"col small-12 large-12\"  >\n\t\t\t\t<div class=\"col-inner\"  >\n\t\t\t\n\t\t\t\n<a href=\"\/tr\/urunler\/goruntu-isleme-teknolojileri\/toplu-kod-okuma-ve-cozumleme\/\" class=\"button primary\" style=\"border-radius:10px;\">\n\t\t<span>DAHA FAZLA B\u0130LG\u0130<\/span>\n\t<\/a>\n\n\t\t<\/div>\n\t\t\t\t\t<\/div>\n\n\t\n<\/div>\n\t\t<\/div>\n\t\t\t\t\t<\/div>\n\n\t\n\n\t<div id=\"col-1760871474\" class=\"col medium-12 small-12 large-6 small-col-first\"  >\n\t\t\t\t<div class=\"col-inner\"  >\n\t\t\t\n\t\t\t\n\t<div class=\"img has-hover x md-x lg-x y md-y lg-y\" id=\"image_441498268\">\n\t\t<a class=\"\" href=\"\/tr\/urunler\/goruntu-isleme-teknolojileri\/toplu-kod-okuma-ve-cozumleme\/\" >\t\t\t\t\t\t<div class=\"img-inner dark\" >\n\t\t\t<img loading=\"lazy\" decoding=\"async\" width=\"735\" height=\"436\" src=\"https:\/\/www.visiott.com\/wp-content\/uploads\/2021\/04\/Bulk-Code-Reading-Screen.jpg\" class=\"attachment-original size-original\" alt=\"Toplu Okuma Ekran\u0131\" srcset=\"https:\/\/www.visiott.com\/wp-content\/uploads\/2021\/04\/Bulk-Code-Reading-Screen.jpg 735w, https:\/\/www.visiott.com\/wp-content\/uploads\/2021\/04\/Bulk-Code-Reading-Screen-300x178.jpg 300w\" sizes=\"auto, (max-width: 735px) 100vw, 735px\" title=\"Toplu Okuma Ekran\u0131\" \/>\t\t\t\t\t\t\n\t\t\t\t\t<\/div>\n\t\t\t\t\t\t<\/a>\t\t\n<style>\n#image_441498268 {\n  width: 100%;\n}\n<\/style>\n\t<\/div>\n\t\n\t\t<\/div>\n\t\t\t\t\n<style>\n#col-1760871474 > .col-inner {\n  margin: 0px 0px 0 0px;\n}\n@media (min-width:550px) {\n  #col-1760871474 > .col-inner {\n    margin: 0px 0px -20px 0px;\n  }\n}\n<\/style>\n\t<\/div>\n\n\t\n<\/div>\n\t\t<\/div>\n\t\t\t\t\n<style>\n#col-829962290 > .col-inner {\n  margin: 0px 0px -60px 0px;\n}\n<\/style>\n\t<\/div>\n\n\t\n\n<style>\n#row-1253459295 > .col > .col-inner {\n  padding: 0px 0px 50px 0px;\n}\n<\/style>\n<\/div>\n\t\t<\/div>\n\n\t\t\n<style>\n#section_204091019 {\n  padding-top: 0px;\n  padding-bottom: 0px;\n}\n<\/style>\n\t<\/section>\n\t\n\n\t<section class=\"section\" id=\"section_518478413\">\n\t\t<div class=\"section-bg fill\" >\n\t\t\t\t\t\t\t\t\t\n\t\t\t\n\n\t\t<\/div>\n\n\t\t\n\n\t\t<div class=\"section-content relative\">\n\t\t\t\n<div class=\"row\"  id=\"row-1012345894\">\n\n\t<div id=\"col-1143690114\" class=\"col small-12 large-12\"  >\n\t\t\t\t<div class=\"col-inner\"  >\n\t\t\t\n\t\t\t\n<h2><a href=\"\/tr\/urunler\/goruntu-isleme-teknolojileri\/goruntu-isleme-kullanarak-var-yok-kontrolleri\/\">Var\/Yok Kontrolleri<\/a><\/h2>\n\t\t<\/div>\n\t\t\t\t\t<\/div>\n\n\t\n\n<style>\n#row-1012345894 > .col > .col-inner {\n  padding: 20px 0px 0px 0px;\n}\n<\/style>\n<\/div>\n<div class=\"row\"  id=\"row-2132472849\">\n\n\t<div id=\"col-681609235\" class=\"col small-12 large-12\"  >\n\t\t\t\t<div class=\"col-inner\"  >\n\t\t\t\n\t\t\t\n<div class=\"row\"  id=\"row-567589333\">\n\n\t<div id=\"col-777210149\" class=\"col medium-12 small-12 large-6\"  >\n\t\t\t\t<div class=\"col-inner\"  >\n\t\t\t\n\t\t\t\n<div class=\"row\"  id=\"row-379064702\">\n\n\t<div id=\"col-291189714\" class=\"col small-12 large-12\"  >\n\t\t\t\t<div class=\"col-inner\"  >\n\t\t\t\n\t\t\t\n<p>T\u00fcketicilere hatas\u0131z ve eksiksiz \u00fcr\u00fcn gitmesi i\u00e7in yap\u0131lan var\/yok kontrolleri, g\u00f6r\u00fcnt\u00fc i\u015fleme teknolojileri sayesinde ger\u00e7ekle\u015fen \u00f6nemli bir \u00fcretim a\u015famas\u0131d\u0131r. Var\/yok kontrolleri, ambalaj i\u00e7eri\u011findeki bile\u015fenlerin do\u011fru bir \u015fekilde bir araya getirilip getirilmedi\u011fine, bile\u015fenlerde hatalar\u0131n olup olmad\u0131\u011f\u0131na dair tespit yapmaktad\u0131r. Likit formda olan \u00fcr\u00fcnlerin seviye tespitleri de kontrol kapsam\u0131nda olabilmektedir. \u0130zlenebilir tedarik zincirleri i\u00e7in \u00e7\u00f6z\u00fcmler sunan VISIOTT TPS g\u00f6r\u00fcnt\u00fc i\u015fleme teknolojileri ile \u00fcretiminizin hatas\u0131z olmas\u0131n\u0131 sa\u011flars\u0131n\u0131z.<\/p>\n\t\t<\/div>\n\t\t\t\t\t<\/div>\n\n\t\n\n\t<div id=\"col-1858540841\" class=\"col small-12 large-12\"  >\n\t\t\t\t<div class=\"col-inner\"  >\n\t\t\t\n\t\t\t\n<a href=\"\/tr\/urunler\/goruntu-isleme-teknolojileri\/goruntu-isleme-kullanarak-var-yok-kontrolleri\/\" class=\"button primary\" style=\"border-radius:10px;\">\n\t\t<span>DAHA FAZLA B\u0130LG\u0130<\/span>\n\t<\/a>\n\n\t\t<\/div>\n\t\t\t\t\t<\/div>\n\n\t\n<\/div>\n\t\t<\/div>\n\t\t\t\t\t<\/div>\n\n\t\n\n\t<div id=\"col-1769469310\" class=\"col medium-12 small-12 large-6 small-col-first\"  >\n\t\t\t\t<div class=\"col-inner\"  >\n\t\t\t\n\t\t\t\n\t<div class=\"img has-hover x md-x lg-x y md-y lg-y\" id=\"image_62206131\">\n\t\t<a class=\"\" href=\"\/tr\/urunler\/goruntu-isleme-teknolojileri\/goruntu-isleme-kullanarak-var-yok-kontrolleri\/\" >\t\t\t\t\t\t<div class=\"img-inner dark\" >\n\t\t\t<img loading=\"lazy\" decoding=\"async\" width=\"735\" height=\"426\" src=\"https:\/\/www.visiott.com\/wp-content\/uploads\/2021\/03\/Presence_Absence_Banner.jpg\" class=\"attachment-original size-original\" alt=\"Presence_Absence_Banner\" srcset=\"https:\/\/www.visiott.com\/wp-content\/uploads\/2021\/03\/Presence_Absence_Banner.jpg 735w, https:\/\/www.visiott.com\/wp-content\/uploads\/2021\/03\/Presence_Absence_Banner-300x174.jpg 300w\" sizes=\"auto, (max-width: 735px) 100vw, 735px\" title=\"Presence_Absence_Banner\" \/>\t\t\t\t\t\t\n\t\t\t\t\t<\/div>\n\t\t\t\t\t\t<\/a>\t\t\n<style>\n#image_62206131 {\n  width: 100%;\n}\n<\/style>\n\t<\/div>\n\t\n\t\t<\/div>\n\t\t\t\t\n<style>\n#col-1769469310 > .col-inner {\n  margin: 0px 0px 0 0px;\n}\n@media (min-width:550px) {\n  #col-1769469310 > .col-inner {\n    margin: 0px 0px -20px 0px;\n  }\n}\n<\/style>\n\t<\/div>\n\n\t\n<\/div>\n\t\t<\/div>\n\t\t\t\t\n<style>\n#col-681609235 > .col-inner {\n  margin: 0px 0px -60px 0px;\n}\n<\/style>\n\t<\/div>\n\n\t\n\n<style>\n#row-2132472849 > .col > .col-inner {\n  padding: 0px 0px 50px 0px;\n}\n<\/style>\n<\/div>\n\t\t<\/div>\n\n\t\t\n<style>\n#section_518478413 {\n  padding-top: 0px;\n  padding-bottom: 0px;\n  background-color: rgb(245, 245, 245);\n}\n<\/style>\n\t<\/section>\n\t\n","protected":false},"excerpt":{"rendered":"","protected":false},"author":18,"featured_media":9834,"parent":6496,"menu_order":470,"comment_status":"closed","ping_status":"closed","template":"page-blank.php","meta":{"_acf_changed":false,"footnotes":""},"class_list":["post-7106","page","type-page","status-publish","has-post-thumbnail","hentry"],"acf":[],"_links":{"self":[{"href":"https:\/\/www.visiott.com\/tr\/wp-json\/wp\/v2\/pages\/7106","targetHints":{"allow":["GET"]}}],"collection":[{"href":"https:\/\/www.visiott.com\/tr\/wp-json\/wp\/v2\/pages"}],"about":[{"href":"https:\/\/www.visiott.com\/tr\/wp-json\/wp\/v2\/types\/page"}],"author":[{"embeddable":true,"href":"https:\/\/www.visiott.com\/tr\/wp-json\/wp\/v2\/users\/18"}],"replies":[{"embeddable":true,"href":"https:\/\/www.visiott.com\/tr\/wp-json\/wp\/v2\/comments?post=7106"}],"version-history":[{"count":0,"href":"https:\/\/www.visiott.com\/tr\/wp-json\/wp\/v2\/pages\/7106\/revisions"}],"up":[{"embeddable":true,"href":"https:\/\/www.visiott.com\/tr\/wp-json\/wp\/v2\/pages\/6496"}],"wp:featuredmedia":[{"embeddable":true,"href":"https:\/\/www.visiott.com\/tr\/wp-json\/wp\/v2\/media\/9834"}],"wp:attachment":[{"href":"https:\/\/www.visiott.com\/tr\/wp-json\/wp\/v2\/media?parent=7106"}],"curies":[{"name":"wp","href":"https:\/\/api.w.org\/{rel}","templated":true}]}}