{"id":39586,"date":"2024-11-18T17:05:33","date_gmt":"2024-11-18T14:05:33","guid":{"rendered":"https:\/\/www.visiott.com\/kalite-politikamiz\/"},"modified":"2025-04-21T14:56:14","modified_gmt":"2025-04-21T11:56:14","slug":"kalite-politikamiz","status":"publish","type":"page","link":"https:\/\/www.visiott.com\/tr\/kalite-politikamiz\/","title":{"rendered":"KAL\u0130TE POL\u0130T\u0130KAMIZ"},"content":{"rendered":"\n\t<section class=\"section\" id=\"section_2122993374\">\n\t\t<div class=\"section-bg fill\" >\n\t\t\t\t\t\t\t\t\t\n\t\t\t\n\n\t\t<\/div>\n\n\t\t\n\n\t\t<div class=\"section-content relative\">\n\t\t\t\n<div class=\"container section-title-container\" ><h1 class=\"section-title section-title-normal\"><b aria-hidden=\"true\"><\/b><span class=\"section-title-main\" >KAL\u0130TE POL\u0130T\u0130KAMIZ<\/span><b aria-hidden=\"true\"><\/b><\/h1><\/div>\n<p><b><strong>Kurulu\u015fumuz,<\/strong><\/b><\/p>\n<p><em>\u0130\u015fleyi\u015fimizin t\u00fcm a\u015famalar\u0131nda benimsedi\u011fimiz s\u00fcrekli geli\u015fme anlay\u0131\u015f\u0131 ile, sundu\u011fumuz \u00fcr\u00fcn ve hizmetin \u00f6ncelikle m\u00fc\u015fteri beklentilerine uygunlu\u011funu ulusal ve uluslararas\u0131 kalite standartlar\u0131 \u00e7er\u00e7evesinde yerine getirmeyi ve i\u00e7inde bulundu\u011fumuz topluma ve \u00e7evreye duyarl\u0131 bir kurulu\u015f olarak, s\u00fcrd\u00fcr\u00fclebilir yap\u0131m\u0131z\u0131n g\u00fcvenilirli\u011fini korumay\u0131 <strong><b>Kalite Politikas\u0131<\/b><\/strong> olarak belirlemi\u015ftir.<\/em><\/p>\n<p><em>VISIOTT | TPS olarak, kalite standartlar\u0131n\u0131 bir al\u0131\u015fkanl\u0131k haline getiren yakla\u015f\u0131m\u0131m\u0131z \u0131\u015f\u0131\u011f\u0131nda, t\u00fcm s\u00fcre\u00e7lerimizi s\u00fcrekli iyile\u015ftirerek, g\u00fcvenilir ve izlenebilir \u00e7\u00f6z\u00fcmler sunmay\u0131, payda\u015flar\u0131m\u0131zla birlikte b\u00fcy\u00fcmeyi, kalite y\u00f6netim sistemimizin etkinli\u011fini kararl\u0131l\u0131kla s\u00fcrd\u00fcrmeyi ve bu ama\u00e7lara ula\u015fmak i\u00e7in gerekli kaynaklar\u0131 sa\u011flamay\u0131 taahh\u00fct ederiz.<\/em><\/p>\n\t\t<\/div>\n\n\t\t\n<style>\n#section_2122993374 {\n  padding-top: 30px;\n  padding-bottom: 30px;\n}\n<\/style>\n\t<\/section>\n\t\n","protected":false},"excerpt":{"rendered":"","protected":false},"author":18,"featured_media":0,"parent":0,"menu_order":58,"comment_status":"closed","ping_status":"closed","template":"","meta":{"_acf_changed":false,"footnotes":""},"class_list":["post-39586","page","type-page","status-publish","hentry"],"acf":[],"_links":{"self":[{"href":"https:\/\/www.visiott.com\/tr\/wp-json\/wp\/v2\/pages\/39586","targetHints":{"allow":["GET"]}}],"collection":[{"href":"https:\/\/www.visiott.com\/tr\/wp-json\/wp\/v2\/pages"}],"about":[{"href":"https:\/\/www.visiott.com\/tr\/wp-json\/wp\/v2\/types\/page"}],"author":[{"embeddable":true,"href":"https:\/\/www.visiott.com\/tr\/wp-json\/wp\/v2\/users\/18"}],"replies":[{"embeddable":true,"href":"https:\/\/www.visiott.com\/tr\/wp-json\/wp\/v2\/comments?post=39586"}],"version-history":[{"count":0,"href":"https:\/\/www.visiott.com\/tr\/wp-json\/wp\/v2\/pages\/39586\/revisions"}],"wp:attachment":[{"href":"https:\/\/www.visiott.com\/tr\/wp-json\/wp\/v2\/media?parent=39586"}],"curies":[{"name":"wp","href":"https:\/\/api.w.org\/{rel}","templated":true}]}}